{"id":126,"date":"2018-02-01T16:58:12","date_gmt":"2018-02-01T16:58:12","guid":{"rendered":"http:\/\/gitarrenfestivalwertingen.de\/?page_id=126"},"modified":"2023-05-15T08:12:26","modified_gmt":"2023-05-15T08:12:26","slug":"foerderverein","status":"publish","type":"page","link":"https:\/\/gitarrenfestivalwertingen.de\/?page_id=126","title":{"rendered":"F\u00f6rderverein"},"content":{"rendered":"\t\t<div data-elementor-type=\"wp-page\" data-elementor-id=\"126\" class=\"elementor elementor-126\">\n\t\t\t\t\t\t<section class=\"elementor-section elementor-top-section elementor-element elementor-element-4fc8b84 elementor-section-full_width elementor-hidden-tablet elementor-hidden-mobile elementor-section-height-default elementor-section-height-default wpr-particle-no wpr-jarallax-no wpr-parallax-no wpr-sticky-section-no\" data-id=\"4fc8b84\" data-element_type=\"section\" data-e-type=\"section\">\n\t\t\t\t\t\t<div class=\"elementor-container elementor-column-gap-default\">\n\t\t\t\t\t<div class=\"elementor-column elementor-col-100 elementor-top-column elementor-element elementor-element-f6e9253\" data-id=\"f6e9253\" data-element_type=\"column\" data-e-type=\"column\">\n\t\t\t<div class=\"elementor-widget-wrap elementor-element-populated\">\n\t\t\t\t\t\t<div class=\"elementor-element elementor-element-fc4d382 elementor-widget elementor-widget-heading\" data-id=\"fc4d382\" data-element_type=\"widget\" data-e-type=\"widget\" data-widget_type=\"heading.default\">\n\t\t\t\t<div class=\"elementor-widget-container\">\n\t\t\t\t\t<h4 class=\"elementor-heading-title elementor-size-default\">F\u00f6rderverein<\/h4>\t\t\t\t<\/div>\n\t\t\t\t<\/div>\n\t\t\t\t\t<\/div>\n\t\t<\/div>\n\t\t\t\t\t<\/div>\n\t\t<\/section>\n\t\t\t\t<section class=\"elementor-section elementor-top-section elementor-element elementor-element-6b1d8ec elementor-section-full_width elementor-hidden-desktop elementor-section-height-default elementor-section-height-default wpr-particle-no wpr-jarallax-no wpr-parallax-no wpr-sticky-section-no\" data-id=\"6b1d8ec\" data-element_type=\"section\" data-e-type=\"section\">\n\t\t\t\t\t\t<div class=\"elementor-container elementor-column-gap-default\">\n\t\t\t\t\t<div class=\"elementor-column elementor-col-100 elementor-top-column elementor-element elementor-element-84b641f\" data-id=\"84b641f\" data-element_type=\"column\" data-e-type=\"column\">\n\t\t\t<div class=\"elementor-widget-wrap elementor-element-populated\">\n\t\t\t\t\t\t<div class=\"elementor-element elementor-element-d3f2f47 elementor-widget elementor-widget-heading\" data-id=\"d3f2f47\" data-element_type=\"widget\" data-e-type=\"widget\" data-widget_type=\"heading.default\">\n\t\t\t\t<div class=\"elementor-widget-container\">\n\t\t\t\t\t<h4 class=\"elementor-heading-title elementor-size-default\">F\u00f6rderverein<\/h4>\t\t\t\t<\/div>\n\t\t\t\t<\/div>\n\t\t\t\t\t<\/div>\n\t\t<\/div>\n\t\t\t\t\t<\/div>\n\t\t<\/section>\n\t\t\t\t<section class=\"elementor-section elementor-top-section elementor-element elementor-element-4025e96b elementor-section-content-middle elementor-section-boxed elementor-section-height-default elementor-section-height-default wpr-particle-no wpr-jarallax-no wpr-parallax-no wpr-sticky-section-no\" data-id=\"4025e96b\" data-element_type=\"section\" data-e-type=\"section\">\n\t\t\t\t\t\t<div class=\"elementor-container elementor-column-gap-no\">\n\t\t\t\t\t<div class=\"elementor-column elementor-col-50 elementor-top-column elementor-element elementor-element-46214c50\" data-id=\"46214c50\" data-element_type=\"column\" data-e-type=\"column\">\n\t\t\t<div class=\"elementor-widget-wrap elementor-element-populated\">\n\t\t\t\t\t\t<div class=\"elementor-element elementor-element-413049ce elementor-widget-divider--view-line elementor-widget elementor-widget-divider\" data-id=\"413049ce\" data-element_type=\"widget\" data-e-type=\"widget\" data-widget_type=\"divider.default\">\n\t\t\t\t<div class=\"elementor-widget-container\">\n\t\t\t\t\t\t\t<div class=\"elementor-divider\">\n\t\t\t<span class=\"elementor-divider-separator\">\n\t\t\t\t\t\t<\/span>\n\t\t<\/div>\n\t\t\t\t\t\t<\/div>\n\t\t\t\t<\/div>\n\t\t\t\t<div class=\"elementor-element elementor-element-134ee6d4 elementor-widget elementor-widget-heading\" data-id=\"134ee6d4\" data-element_type=\"widget\" data-e-type=\"widget\" data-widget_type=\"heading.default\">\n\t\t\t\t<div class=\"elementor-widget-container\">\n\t\t\t\t\t<h4 class=\"elementor-heading-title elementor-size-default\">\u00dcber den Verein<br><\/h4>\t\t\t\t<\/div>\n\t\t\t\t<\/div>\n\t\t\t\t<div class=\"elementor-element elementor-element-c953f8c elementor-widget elementor-widget-image\" data-id=\"c953f8c\" data-element_type=\"widget\" data-e-type=\"widget\" data-widget_type=\"image.default\">\n\t\t\t\t<div class=\"elementor-widget-container\">\n\t\t\t\t\t\t\t\t\t\t\t\t\t\t\t<img decoding=\"async\" width=\"300\" height=\"62\" src=\"https:\/\/gitarrenfestivalwertingen.de\/wp-content\/uploads\/2022\/05\/kulturfonds_bayern-300x62-1.jpg\" class=\"attachment-large size-large wp-image-2576\" alt=\"\" \/>\t\t\t\t\t\t\t\t\t\t\t\t\t\t\t<\/div>\n\t\t\t\t<\/div>\n\t\t\t\t\t<\/div>\n\t\t<\/div>\n\t\t\t\t<div class=\"elementor-column elementor-col-50 elementor-top-column elementor-element elementor-element-2c5182ee\" data-id=\"2c5182ee\" data-element_type=\"column\" data-e-type=\"column\">\n\t\t\t<div class=\"elementor-widget-wrap elementor-element-populated\">\n\t\t\t\t\t\t<div class=\"elementor-element elementor-element-3e572ddf elementor-widget elementor-widget-text-editor\" data-id=\"3e572ddf\" data-element_type=\"widget\" data-e-type=\"widget\" data-widget_type=\"text-editor.default\">\n\t\t\t\t<div class=\"elementor-widget-container\">\n\t\t\t\t\t\t\t\t\t<p>Wertingen hat einen weiteren Verein erhalten: Am 04. August 2014 wurde im kleinen Kreis der \u201eF\u00f6rderverein Gitarrenfestival Wertingen\u201c gegr\u00fcndet. Die Gr\u00fcndungsmitglieder wollen das Kulturleben Wertingens nachhaltig f\u00f6rdern.<\/p><p>So wurde in der Satzung festgehalten, dass der Zweck des F\u00f6rdervereins die Erhaltung und die Weiterentwicklung des Internationalen Gitarrenfestivals ist. Gleichzeitig soll die Gitarrenmusik grenz- und stil\u00fcbergreifend gef\u00f6rdert werden. Schon im vergangenen Jahr wurde das Festival auf vielf\u00e4ltige Weise gef\u00f6rdert. Zum einen vergibt die Stadt Stipendien f\u00fcr Sch\u00fcler und Studenten. Zum anderen erm\u00f6glicht sie so genannte Gespr\u00e4chskonzerte an Schulen mit internationalen Gitarrenstars. In diesem Jahr stellt Wertingen einen Sonderpreis f\u00fcr das beste Nachwuchsduo in Deutschland zur Verf\u00fcgung.<\/p><p><strong>Welchen Vorteil haben Mitglieder?<\/strong><\/p><p>Da der Verein als gemeinn\u00fctzig anerkannt ist, kann jedes Mitglied sicher sein, dass seine Beitr\u00e4ge ausschlie\u00dflich dem satzungsm\u00e4\u00dfigen Zweck zukommen. Die Gew\u00e4hrung finanzieller Vorteile wie zum Beispiel erm\u00e4\u00dfigter Eintrittskarten w\u00fcrde allerdings zum Verlust der Gemeinn\u00fctzigkeit f\u00fchren. Dennoch sind mit der Mitgliedschaft Annehmlichkeiten verbunden: Als F\u00f6rdervereinsmitglied erhalten Sie Programminformationen frei Haus zugesandt. Au\u00dferdem hat jedes Mitglied Anspruch auf Sitzplatzreservierung bei den Konzerten. So ist die unmittelbare N\u00e4he zu den K\u00fcnstlern gew\u00e4hrleistet.<\/p><p>Der Mitgliedsbeitrag wurde vom Gremium auf 20 Euro pro Jahr festgelegt. Jeder entscheidet selbst, ob er den Standardmitgliedsbeitrag in H\u00f6he von 20 Euro pro Jahr zahlen oder einen h\u00f6heren Beitrag f\u00fcr den guten Zweck erbringen m\u00f6chte.<\/p><p><strong><a href=\"http:\/\/gitarrenfestivalwertingen.de\/wp-content\/uploads\/2018\/02\/16-09-27-Mitgliedsantrag-F%C3%B6rderverein.pdf\" target=\"_blank\" rel=\"noopener\">Download: Mitgliedsantrag F\u00f6rderverein<\/a><\/strong><\/p><p>Spenden an den F\u00f6rderverein:<br \/>BIC: GENO DEF1 MTG<br \/>IBAN: DE 26 720 621 52 000 41 62 412<br \/>VR-Bank Handels- und Gewerbebank<\/p><p><strong>F\u00f6rderverein Gitarrenfestival Wertingen<\/strong><\/p><p><span style=\"background-color: rgba(255, 255, 255, 0.95); font-size: 16px; font-family: var( --e-global-typography-text-font-family ), Sans-serif;\">Dr. Friedrich Br\u00e4ndle (1. Vorsitzender)<br \/><\/span><span style=\"background-color: rgba(255, 255, 255, 0.95); font-size: 16px; font-family: var( --e-global-typography-text-font-family ), Sans-serif;\">Angelika Stegmaier (2. Vorsitzende)<br \/><\/span><span style=\"background-color: rgba(255, 255, 255, 0.95); font-size: 16px; font-family: var( --e-global-typography-text-font-family ), Sans-serif;\">Markus Eser (Kassierer)<br \/><\/span><\/p><p>\u00a0<\/p><p>\u00a0<\/p>\t\t\t\t\t\t\t\t<\/div>\n\t\t\t\t<\/div>\n\t\t\t\t\t<\/div>\n\t\t<\/div>\n\t\t\t\t\t<\/div>\n\t\t<\/section>\n\t\t\t\t<\/div>\n\t\t","protected":false},"excerpt":{"rendered":"<p>F\u00f6rderverein F\u00f6rderverein \u00dcber den Verein Wertingen hat einen weiteren Verein erhalten: Am 04. August 2014 wurde im kleinen Kreis der \u201eF\u00f6rderverein Gitarrenfestival Wertingen\u201c gegr\u00fcndet. Die Gr\u00fcndungsmitglieder wollen das Kulturleben Wertingens nachhaltig f\u00f6rdern. So wurde in der Satzung festgehalten, dass der Zweck des F\u00f6rdervereins die Erhaltung und die Weiterentwicklung des Internationalen Gitarrenfestivals ist. Gleichzeitig soll die Gitarrenmusik grenz- und stil\u00fcbergreifend gef\u00f6rdert werden. Schon im vergangenen Jahr wurde das Festival auf vielf\u00e4ltige Weise gef\u00f6rdert. Zum einen vergibt die Stadt Stipendien f\u00fcr Sch\u00fcler und Studenten. Zum anderen erm\u00f6glicht sie so genannte Gespr\u00e4chskonzerte an Schulen mit internationalen Gitarrenstars. In diesem Jahr stellt Wertingen einen Sonderpreis f\u00fcr das beste Nachwuchsduo in Deutschland zur Verf\u00fcgung. Welchen Vorteil haben Mitglieder? Da der Verein als gemeinn\u00fctzig anerkannt ist, kann jedes Mitglied sicher sein, dass seine Beitr\u00e4ge ausschlie\u00dflich dem satzungsm\u00e4\u00dfigen Zweck zukommen. Die Gew\u00e4hrung finanzieller Vorteile wie zum Beispiel erm\u00e4\u00dfigter Eintrittskarten w\u00fcrde allerdings zum Verlust der Gemeinn\u00fctzigkeit f\u00fchren. Dennoch sind mit der Mitgliedschaft Annehmlichkeiten verbunden: Als F\u00f6rdervereinsmitglied erhalten Sie Programminformationen frei Haus zugesandt. Au\u00dferdem hat jedes Mitglied Anspruch auf Sitzplatzreservierung bei den Konzerten. So ist die unmittelbare N\u00e4he zu den K\u00fcnstlern gew\u00e4hrleistet. Der Mitgliedsbeitrag wurde vom Gremium auf 20 Euro pro Jahr festgelegt. Jeder entscheidet selbst, ob er den Standardmitgliedsbeitrag in H\u00f6he von 20 Euro pro Jahr zahlen oder einen h\u00f6heren Beitrag f\u00fcr den guten Zweck erbringen m\u00f6chte. Download: Mitgliedsantrag F\u00f6rderverein Spenden an den F\u00f6rderverein:BIC: GENO DEF1 MTGIBAN: DE 26 720 621 52 000 41 62 412VR-Bank Handels- und Gewerbebank F\u00f6rderverein Gitarrenfestival Wertingen Dr. Friedrich Br\u00e4ndle (1. Vorsitzender)Angelika Stegmaier (2. Vorsitzende)Markus Eser (Kassierer) \u00a0 \u00a0<\/p>\n","protected":false},"author":1,"featured_media":0,"parent":0,"menu_order":0,"comment_status":"closed","ping_status":"closed","template":"","meta":{"ngg_post_thumbnail":0,"ocean_post_layout":"","ocean_both_sidebars_style":"","ocean_both_sidebars_content_width":0,"ocean_both_sidebars_sidebars_width":0,"ocean_sidebar":"","ocean_second_sidebar":"","ocean_disable_margins":"enable","ocean_add_body_class":"","ocean_shortcode_before_top_bar":"","ocean_shortcode_after_top_bar":"","ocean_shortcode_before_header":"","ocean_shortcode_after_header":"","ocean_has_shortcode":"","ocean_shortcode_after_title":"","ocean_shortcode_before_footer_widgets":"","ocean_shortcode_after_footer_widgets":"","ocean_shortcode_before_footer_bottom":"","ocean_shortcode_after_footer_bottom":"","ocean_display_top_bar":"default","ocean_display_header":"default","ocean_header_style":"","ocean_center_header_left_menu":"","ocean_custom_header_template":"","ocean_custom_logo":0,"ocean_custom_retina_logo":0,"ocean_custom_logo_max_width":0,"ocean_custom_logo_tablet_max_width":0,"ocean_custom_logo_mobile_max_width":0,"ocean_custom_logo_max_height":0,"ocean_custom_logo_tablet_max_height":0,"ocean_custom_logo_mobile_max_height":0,"ocean_header_custom_menu":"","ocean_menu_typo_font_family":"","ocean_menu_typo_font_subset":"","ocean_menu_typo_font_size":0,"ocean_menu_typo_font_size_tablet":0,"ocean_menu_typo_font_size_mobile":0,"ocean_menu_typo_font_size_unit":"px","ocean_menu_typo_font_weight":"","ocean_menu_typo_font_weight_tablet":"","ocean_menu_typo_font_weight_mobile":"","ocean_menu_typo_transform":"","ocean_menu_typo_transform_tablet":"","ocean_menu_typo_transform_mobile":"","ocean_menu_typo_line_height":0,"ocean_menu_typo_line_height_tablet":0,"ocean_menu_typo_line_height_mobile":0,"ocean_menu_typo_line_height_unit":"","ocean_menu_typo_spacing":0,"ocean_menu_typo_spacing_tablet":0,"ocean_menu_typo_spacing_mobile":0,"ocean_menu_typo_spacing_unit":"","ocean_menu_link_color":"","ocean_menu_link_color_hover":"","ocean_menu_link_color_active":"","ocean_menu_link_background":"","ocean_menu_link_hover_background":"","ocean_menu_link_active_background":"","ocean_menu_social_links_bg":"","ocean_menu_social_hover_links_bg":"","ocean_menu_social_links_color":"","ocean_menu_social_hover_links_color":"","ocean_disable_title":"default","ocean_disable_heading":"default","ocean_post_title":"","ocean_post_subheading":"","ocean_post_title_style":"","ocean_post_title_background_color":"","ocean_post_title_background":0,"ocean_post_title_bg_image_position":"","ocean_post_title_bg_image_attachment":"","ocean_post_title_bg_image_repeat":"","ocean_post_title_bg_image_size":"","ocean_post_title_height":0,"ocean_post_title_bg_overlay":0.5,"ocean_post_title_bg_overlay_color":"","ocean_disable_breadcrumbs":"default","ocean_breadcrumbs_color":"","ocean_breadcrumbs_separator_color":"","ocean_breadcrumbs_links_color":"","ocean_breadcrumbs_links_hover_color":"","ocean_display_footer_widgets":"default","ocean_display_footer_bottom":"default","ocean_custom_footer_template":"","footnotes":""},"class_list":["post-126","page","type-page","status-publish","hentry","entry"],"_links":{"self":[{"href":"https:\/\/gitarrenfestivalwertingen.de\/index.php?rest_route=\/wp\/v2\/pages\/126","targetHints":{"allow":["GET"]}}],"collection":[{"href":"https:\/\/gitarrenfestivalwertingen.de\/index.php?rest_route=\/wp\/v2\/pages"}],"about":[{"href":"https:\/\/gitarrenfestivalwertingen.de\/index.php?rest_route=\/wp\/v2\/types\/page"}],"author":[{"embeddable":true,"href":"https:\/\/gitarrenfestivalwertingen.de\/index.php?rest_route=\/wp\/v2\/users\/1"}],"replies":[{"embeddable":true,"href":"https:\/\/gitarrenfestivalwertingen.de\/index.php?rest_route=%2Fwp%2Fv2%2Fcomments&post=126"}],"version-history":[{"count":59,"href":"https:\/\/gitarrenfestivalwertingen.de\/index.php?rest_route=\/wp\/v2\/pages\/126\/revisions"}],"predecessor-version":[{"id":4477,"href":"https:\/\/gitarrenfestivalwertingen.de\/index.php?rest_route=\/wp\/v2\/pages\/126\/revisions\/4477"}],"wp:attachment":[{"href":"https:\/\/gitarrenfestivalwertingen.de\/index.php?rest_route=%2Fwp%2Fv2%2Fmedia&parent=126"}],"curies":[{"name":"wp","href":"https:\/\/api.w.org\/{rel}","templated":true}]}}