{"id":1599,"date":"2019-07-09T08:25:38","date_gmt":"2019-07-09T08:25:38","guid":{"rendered":"http:\/\/gitarrenfestivalwertingen.de\/?page_id=1599"},"modified":"2025-05-20T10:28:16","modified_gmt":"2025-05-20T10:28:16","slug":"test","status":"publish","type":"page","link":"https:\/\/gitarrenfestivalwertingen.de\/?page_id=1599","title":{"rendered":"Sponsoren"},"content":{"rendered":"\t\t<div data-elementor-type=\"wp-post\" data-elementor-id=\"1599\" class=\"elementor elementor-1599\">\n\t\t\t\t\t\t<section class=\"elementor-section elementor-top-section elementor-element elementor-element-999951e elementor-section-full_width elementor-section-height-default elementor-section-height-default wpr-particle-no wpr-jarallax-no wpr-parallax-no wpr-sticky-section-no\" data-id=\"999951e\" data-element_type=\"section\" data-e-type=\"section\">\n\t\t\t\t\t\t<div class=\"elementor-container elementor-column-gap-default\">\n\t\t\t\t\t<div class=\"elementor-column elementor-col-100 elementor-top-column elementor-element elementor-element-c8a8cf7\" data-id=\"c8a8cf7\" data-element_type=\"column\" data-e-type=\"column\">\n\t\t\t<div class=\"elementor-widget-wrap elementor-element-populated\">\n\t\t\t\t\t\t<div class=\"elementor-element elementor-element-5b9f35e elementor-widget elementor-widget-heading\" data-id=\"5b9f35e\" data-element_type=\"widget\" data-e-type=\"widget\" data-widget_type=\"heading.default\">\n\t\t\t\t<div class=\"elementor-widget-container\">\n\t\t\t\t\t<h4 class=\"elementor-heading-title elementor-size-default\">Sponsoren<\/h4>\t\t\t\t<\/div>\n\t\t\t\t<\/div>\n\t\t\t\t\t<\/div>\n\t\t<\/div>\n\t\t\t\t\t<\/div>\n\t\t<\/section>\n\t\t\t\t<section class=\"elementor-section elementor-top-section elementor-element elementor-element-50a65179 elementor-section-boxed elementor-section-height-default elementor-section-height-default wpr-particle-no wpr-jarallax-no wpr-parallax-no wpr-sticky-section-no\" data-id=\"50a65179\" data-element_type=\"section\" data-e-type=\"section\">\n\t\t\t\t\t\t<div class=\"elementor-container elementor-column-gap-default\">\n\t\t\t\t\t<div class=\"elementor-column elementor-col-50 elementor-top-column elementor-element elementor-element-6dfc6d58\" data-id=\"6dfc6d58\" data-element_type=\"column\" data-e-type=\"column\">\n\t\t\t<div class=\"elementor-widget-wrap elementor-element-populated\">\n\t\t\t\t\t\t<div class=\"elementor-element elementor-element-64d1a6a5 elementor-position-top elementor-widget elementor-widget-image-box\" data-id=\"64d1a6a5\" data-element_type=\"widget\" data-e-type=\"widget\" data-widget_type=\"image-box.default\">\n\t\t\t\t<div class=\"elementor-widget-container\">\n\t\t\t\t\t<div class=\"elementor-image-box-wrapper\"><figure class=\"elementor-image-box-img\"><a href=\"https:\/\/www.lew.de\" target=\"_blank\" tabindex=\"-1\"><img fetchpriority=\"high\" decoding=\"async\" width=\"2560\" height=\"876\" src=\"https:\/\/gitarrenfestivalwertingen.de\/wp-content\/uploads\/2025\/05\/LEW-LOGO-scaled.jpg\" class=\"attachment-full size-full wp-image-5289\" alt=\"\" srcset=\"https:\/\/gitarrenfestivalwertingen.de\/wp-content\/uploads\/2025\/05\/LEW-LOGO-scaled.jpg 2560w, https:\/\/gitarrenfestivalwertingen.de\/wp-content\/uploads\/2025\/05\/LEW-LOGO-300x103.jpg 300w, https:\/\/gitarrenfestivalwertingen.de\/wp-content\/uploads\/2025\/05\/LEW-LOGO-1024x350.jpg 1024w, https:\/\/gitarrenfestivalwertingen.de\/wp-content\/uploads\/2025\/05\/LEW-LOGO-768x263.jpg 768w, https:\/\/gitarrenfestivalwertingen.de\/wp-content\/uploads\/2025\/05\/LEW-LOGO-1536x525.jpg 1536w, https:\/\/gitarrenfestivalwertingen.de\/wp-content\/uploads\/2025\/05\/LEW-LOGO-2048x701.jpg 2048w\" sizes=\"(max-width: 2560px) 100vw, 2560px\" \/><\/a><\/figure><div class=\"elementor-image-box-content\"><h3 class=\"elementor-image-box-title\"><a href=\"https:\/\/www.lew.de\" target=\"_blank\">Lechwerke AG Hauptsponsor<\/a><\/h3><p class=\"elementor-image-box-description\"><hr><br>\nSchaezlerstra\u00dfe 3<br>\n\n86150 Augsburg<br>\n\n\n<a href=\"https:\/\/www.lew.de\" target=\"_blank\">www.lew.de<\/p><\/div><\/div>\t\t\t\t<\/div>\n\t\t\t\t<\/div>\n\t\t\t\t<div class=\"elementor-element elementor-element-0b7fb54 elementor-widget elementor-widget-image\" data-id=\"0b7fb54\" data-element_type=\"widget\" data-e-type=\"widget\" data-widget_type=\"image.default\">\n\t\t\t\t<div class=\"elementor-widget-container\">\n\t\t\t\t\t\t\t\t\t\t\t\t\t\t\t<img decoding=\"async\" src=\"http:\/\/gitarrenfestivalwertingen.de\/wp-content\/uploads\/2025\/05\/STABER-1.pdf\" title=\"\" alt=\"\" loading=\"lazy\" \/>\t\t\t\t\t\t\t\t\t\t\t\t\t\t\t<\/div>\n\t\t\t\t<\/div>\n\t\t\t\t\t<\/div>\n\t\t<\/div>\n\t\t\t\t<div class=\"elementor-column elementor-col-50 elementor-top-column elementor-element elementor-element-477902ee\" data-id=\"477902ee\" data-element_type=\"column\" data-e-type=\"column\">\n\t\t\t<div class=\"elementor-widget-wrap elementor-element-populated\">\n\t\t\t\t\t\t<div class=\"elementor-element elementor-element-a235ea2 elementor-position-top elementor-widget elementor-widget-image-box\" data-id=\"a235ea2\" data-element_type=\"widget\" data-e-type=\"widget\" data-widget_type=\"image-box.default\">\n\t\t\t\t<div class=\"elementor-widget-container\">\n\t\t\t\t\t<div class=\"elementor-image-box-wrapper\"><figure class=\"elementor-image-box-img\"><a href=\"https:\/\/www.spk-dlg-noe.de\" target=\"_blank\" tabindex=\"-1\"><img decoding=\"async\" width=\"2713\" height=\"1016\" src=\"https:\/\/gitarrenfestivalwertingen.de\/wp-content\/uploads\/2023\/07\/20230704_Logo_DLG-NOE_rot_ohneclaim.png\" class=\"attachment-full size-full wp-image-4524\" alt=\"\" srcset=\"https:\/\/gitarrenfestivalwertingen.de\/wp-content\/uploads\/2023\/07\/20230704_Logo_DLG-NOE_rot_ohneclaim.png 2713w, https:\/\/gitarrenfestivalwertingen.de\/wp-content\/uploads\/2023\/07\/20230704_Logo_DLG-NOE_rot_ohneclaim-300x112.png 300w, https:\/\/gitarrenfestivalwertingen.de\/wp-content\/uploads\/2023\/07\/20230704_Logo_DLG-NOE_rot_ohneclaim-1024x383.png 1024w, https:\/\/gitarrenfestivalwertingen.de\/wp-content\/uploads\/2023\/07\/20230704_Logo_DLG-NOE_rot_ohneclaim-768x288.png 768w, https:\/\/gitarrenfestivalwertingen.de\/wp-content\/uploads\/2023\/07\/20230704_Logo_DLG-NOE_rot_ohneclaim-1536x575.png 1536w, https:\/\/gitarrenfestivalwertingen.de\/wp-content\/uploads\/2023\/07\/20230704_Logo_DLG-NOE_rot_ohneclaim-2048x767.png 2048w\" sizes=\"(max-width: 2713px) 100vw, 2713px\" \/><\/a><\/figure><div class=\"elementor-image-box-content\"><h3 class=\"elementor-image-box-title\"><a href=\"https:\/\/www.spk-dlg-noe.de\" target=\"_blank\">Sparkasse Dillingen-N\u00f6rdlingen<\/a><\/h3><p class=\"elementor-image-box-description\"><hr><br>\nK\u00f6nigstra\u00dfe 36<br>\n\n89407 Dillingen<br>\n\n\n<a href=\"https:\/\/www.spk-dlg-noe.de\" target=\"_blank\">https:\/\/www.spk-dlg-noe.de<\/p><\/div><\/div>\t\t\t\t<\/div>\n\t\t\t\t<\/div>\n\t\t\t\t\t<\/div>\n\t\t<\/div>\n\t\t\t\t\t<\/div>\n\t\t<\/section>\n\t\t\t\t<section class=\"elementor-section elementor-top-section elementor-element elementor-element-87fa03d elementor-section-boxed elementor-section-height-default elementor-section-height-default wpr-particle-no wpr-jarallax-no wpr-parallax-no wpr-sticky-section-no\" data-id=\"87fa03d\" data-element_type=\"section\" data-e-type=\"section\">\n\t\t\t\t\t\t<div class=\"elementor-container elementor-column-gap-default\">\n\t\t\t\t\t<div class=\"elementor-column elementor-col-100 elementor-top-column elementor-element elementor-element-17a99b9\" data-id=\"17a99b9\" data-element_type=\"column\" data-e-type=\"column\">\n\t\t\t<div class=\"elementor-widget-wrap\">\n\t\t\t\t\t\t\t<\/div>\n\t\t<\/div>\n\t\t\t\t\t<\/div>\n\t\t<\/section>\n\t\t\t\t<section class=\"elementor-section elementor-top-section elementor-element elementor-element-62e44b5 elementor-section-boxed elementor-section-height-default elementor-section-height-default wpr-particle-no wpr-jarallax-no wpr-parallax-no wpr-sticky-section-no\" data-id=\"62e44b5\" data-element_type=\"section\" data-e-type=\"section\">\n\t\t\t\t\t\t<div class=\"elementor-container elementor-column-gap-default\">\n\t\t\t\t\t<div class=\"elementor-column elementor-col-100 elementor-top-column elementor-element elementor-element-adb1df6\" data-id=\"adb1df6\" data-element_type=\"column\" data-e-type=\"column\">\n\t\t\t<div class=\"elementor-widget-wrap elementor-element-populated\">\n\t\t\t\t\t\t<div class=\"elementor-element elementor-element-37ef609 elementor-position-top elementor-widget elementor-widget-image-box\" data-id=\"37ef609\" data-element_type=\"widget\" data-e-type=\"widget\" data-widget_type=\"image-box.default\">\n\t\t\t\t<div class=\"elementor-widget-container\">\n\t\t\t\t\t<div class=\"elementor-image-box-wrapper\"><figure class=\"elementor-image-box-img\"><img decoding=\"async\" width=\"724\" height=\"381\" src=\"https:\/\/gitarrenfestivalwertingen.de\/wp-content\/uploads\/2025\/05\/STABER-Sponsor-2.jpg\" class=\"attachment-full size-full wp-image-5322\" alt=\"\" srcset=\"https:\/\/gitarrenfestivalwertingen.de\/wp-content\/uploads\/2025\/05\/STABER-Sponsor-2.jpg 724w, https:\/\/gitarrenfestivalwertingen.de\/wp-content\/uploads\/2025\/05\/STABER-Sponsor-2-300x158.jpg 300w\" sizes=\"(max-width: 724px) 100vw, 724px\" \/><\/figure><\/div>\t\t\t\t<\/div>\n\t\t\t\t<\/div>\n\t\t\t\t\t<\/div>\n\t\t<\/div>\n\t\t\t\t\t<\/div>\n\t\t<\/section>\n\t\t\t\t<\/div>\n\t\t","protected":false},"excerpt":{"rendered":"<p>Sponsoren Lechwerke AG Hauptsponsor Schaezlerstra\u00dfe 3 86150 Augsburg www.lew.de Sparkasse Dillingen-N\u00f6rdlingen K\u00f6nigstra\u00dfe 36 89407 Dillingen https:\/\/www.spk-dlg-noe.de<\/p>\n","protected":false},"author":1,"featured_media":0,"parent":0,"menu_order":0,"comment_status":"closed","ping_status":"closed","template":"","meta":{"ngg_post_thumbnail":0,"ocean_post_layout":"","ocean_both_sidebars_style":"","ocean_both_sidebars_content_width":0,"ocean_both_sidebars_sidebars_width":0,"ocean_sidebar":"","ocean_second_sidebar":"","ocean_disable_margins":"enable","ocean_add_body_class":"","ocean_shortcode_before_top_bar":"","ocean_shortcode_after_top_bar":"","ocean_shortcode_before_header":"","ocean_shortcode_after_header":"","ocean_has_shortcode":"","ocean_shortcode_after_title":"","ocean_shortcode_before_footer_widgets":"","ocean_shortcode_after_footer_widgets":"","ocean_shortcode_before_footer_bottom":"","ocean_shortcode_after_footer_bottom":"","ocean_display_top_bar":"default","ocean_display_header":"default","ocean_header_style":"","ocean_center_header_left_menu":"","ocean_custom_header_template":"","ocean_custom_logo":0,"ocean_custom_retina_logo":0,"ocean_custom_logo_max_width":0,"ocean_custom_logo_tablet_max_width":0,"ocean_custom_logo_mobile_max_width":0,"ocean_custom_logo_max_height":0,"ocean_custom_logo_tablet_max_height":0,"ocean_custom_logo_mobile_max_height":0,"ocean_header_custom_menu":"","ocean_menu_typo_font_family":"","ocean_menu_typo_font_subset":"","ocean_menu_typo_font_size":0,"ocean_menu_typo_font_size_tablet":0,"ocean_menu_typo_font_size_mobile":0,"ocean_menu_typo_font_size_unit":"px","ocean_menu_typo_font_weight":"","ocean_menu_typo_font_weight_tablet":"","ocean_menu_typo_font_weight_mobile":"","ocean_menu_typo_transform":"","ocean_menu_typo_transform_tablet":"","ocean_menu_typo_transform_mobile":"","ocean_menu_typo_line_height":0,"ocean_menu_typo_line_height_tablet":0,"ocean_menu_typo_line_height_mobile":0,"ocean_menu_typo_line_height_unit":"","ocean_menu_typo_spacing":0,"ocean_menu_typo_spacing_tablet":0,"ocean_menu_typo_spacing_mobile":0,"ocean_menu_typo_spacing_unit":"","ocean_menu_link_color":"","ocean_menu_link_color_hover":"","ocean_menu_link_color_active":"","ocean_menu_link_background":"","ocean_menu_link_hover_background":"","ocean_menu_link_active_background":"","ocean_menu_social_links_bg":"","ocean_menu_social_hover_links_bg":"","ocean_menu_social_links_color":"","ocean_menu_social_hover_links_color":"","ocean_disable_title":"default","ocean_disable_heading":"default","ocean_post_title":"","ocean_post_subheading":"","ocean_post_title_style":"","ocean_post_title_background_color":"","ocean_post_title_background":0,"ocean_post_title_bg_image_position":"","ocean_post_title_bg_image_attachment":"","ocean_post_title_bg_image_repeat":"","ocean_post_title_bg_image_size":"","ocean_post_title_height":0,"ocean_post_title_bg_overlay":0.5,"ocean_post_title_bg_overlay_color":"","ocean_disable_breadcrumbs":"default","ocean_breadcrumbs_color":"","ocean_breadcrumbs_separator_color":"","ocean_breadcrumbs_links_color":"","ocean_breadcrumbs_links_hover_color":"","ocean_display_footer_widgets":"default","ocean_display_footer_bottom":"default","ocean_custom_footer_template":"","footnotes":""},"class_list":["post-1599","page","type-page","status-publish","hentry","entry"],"_links":{"self":[{"href":"https:\/\/gitarrenfestivalwertingen.de\/index.php?rest_route=\/wp\/v2\/pages\/1599","targetHints":{"allow":["GET"]}}],"collection":[{"href":"https:\/\/gitarrenfestivalwertingen.de\/index.php?rest_route=\/wp\/v2\/pages"}],"about":[{"href":"https:\/\/gitarrenfestivalwertingen.de\/index.php?rest_route=\/wp\/v2\/types\/page"}],"author":[{"embeddable":true,"href":"https:\/\/gitarrenfestivalwertingen.de\/index.php?rest_route=\/wp\/v2\/users\/1"}],"replies":[{"embeddable":true,"href":"https:\/\/gitarrenfestivalwertingen.de\/index.php?rest_route=%2Fwp%2Fv2%2Fcomments&post=1599"}],"version-history":[{"count":108,"href":"https:\/\/gitarrenfestivalwertingen.de\/index.php?rest_route=\/wp\/v2\/pages\/1599\/revisions"}],"predecessor-version":[{"id":5325,"href":"https:\/\/gitarrenfestivalwertingen.de\/index.php?rest_route=\/wp\/v2\/pages\/1599\/revisions\/5325"}],"wp:attachment":[{"href":"https:\/\/gitarrenfestivalwertingen.de\/index.php?rest_route=%2Fwp%2Fv2%2Fmedia&parent=1599"}],"curies":[{"name":"wp","href":"https:\/\/api.w.org\/{rel}","templated":true}]}}